{"id":834,"date":"2023-11-01T16:22:48","date_gmt":"2023-11-01T19:22:48","guid":{"rendered":"https:\/\/congreso.ifdsarmiento.edu.ar\/?page_id=834"},"modified":"2023-11-06T15:54:25","modified_gmt":"2023-11-06T18:54:25","slug":"cronograma","status":"publish","type":"page","link":"https:\/\/congreso.ifdsarmiento.edu.ar\/index.php\/cronograma\/","title":{"rendered":"Cronograma"},"content":{"rendered":"<p>[et_pb_section fb_built=\u00bb1&#8243; _builder_version=\u00bb4.17.3&#8243; _module_preset=\u00bbdefault\u00bb background_enable_pattern_style=\u00bbon\u00bb background_pattern_style=\u00bbhoneycomb\u00bb background_pattern_color=\u00bbrgba(0,0,0,0.05)\u00bb global_colors_info=\u00bb{}\u00bb][et_pb_row _builder_version=\u00bb4.17.3&#8243; _module_preset=\u00bbdefault\u00bb global_colors_info=\u00bb{}\u00bb][et_pb_column type=\u00bb4_4&#8243; _builder_version=\u00bb4.17.3&#8243; _module_preset=\u00bbdefault\u00bb global_colors_info=\u00bb{}\u00bb][et_pb_text module_id=\u00bbhernan-aldana\u00bb _builder_version=\u00bb4.17.3&#8243; _module_preset=\u00bbdefault\u00bb text_font=\u00bb|700|||||||\u00bb header_font=\u00bb|700|||||||\u00bb header_font_size=\u00bb35px\u00bb header_line_height=\u00bb1.2em\u00bb background_color=\u00bbrgba(12,203,242,0.54)\u00bb width=\u00bb80%\u00bb width_tablet=\u00bb80%\u00bb width_phone=\u00bb100%\u00bb width_last_edited=\u00bbon|phone\u00bb custom_padding=\u00bb10px|10px|5px|10px|false|false\u00bb custom_padding_tablet=\u00bb10px|10px|5px|10px|false|false\u00bb custom_padding_phone=\u00bb10px|10px|5px|10px|false|false\u00bb custom_padding_last_edited=\u00bbon|phone\u00bb header_font_size_tablet=\u00bb35px\u00bb header_font_size_phone=\u00bb20px\u00bb header_font_size_last_edited=\u00bbon|phone\u00bb border_radii=\u00bbon|10px|10px|10px|10px\u00bb global_colors_info=\u00bb{}\u00bb]<\/p>\n<h1>Cronograma<\/h1>\n<p>[\/et_pb_text][et_pb_button button_url=\u00bbhttps:\/\/congreso.ifdsarmiento.edu.ar\/wp-content\/uploads\/2023\/11\/CRONOGRAMA-CONGRESO-INTERNACIONAL.pdf\u00bb url_new_window=\u00bbon\u00bb button_text=\u00bbCronograma\u00bb button_alignment=\u00bbcenter\u00bb module_class=\u00bbdownload-button\u00bb _builder_version=\u00bb4.17.3&#8243; _module_preset=\u00bbdefault\u00bb custom_button=\u00bbon\u00bb button_text_size=\u00bb10px\u00bb button_text_color=\u00bbRGBA(255,255,255,0)\u00bb button_bg_image=\u00bbhttps:\/\/congreso.ifdsarmiento.edu.ar\/wp-content\/uploads\/2023\/11\/Cronograma-final.png\u00bb button_border_width=\u00bb2px\u00bb button_border_color=\u00bb#B3B3B3&#8243; button_border_radius=\u00bb10px\u00bb button_use_icon=\u00bboff\u00bb custom_padding=\u00bb154px|245px|154px|245px|true|true\u00bb box_shadow_style=\u00bbpreset1&#8243; global_colors_info=\u00bb{}\u00bb][\/et_pb_button][et_pb_text _builder_version=\u00bb4.17.3&#8243; _module_preset=\u00bbdefault\u00bb text_font=\u00bbPoppins|600|||||||\u00bb text_font_size=\u00bb16px\u00bb background_color=\u00bb#FFFFFF\u00bb text_orientation=\u00bbcenter\u00bb width=\u00bb45%\u00bb module_alignment=\u00bbcenter\u00bb custom_padding=\u00bb5px|15px|5px|15px|true|true\u00bb text_font_size_tablet=\u00bb18px\u00bb text_font_size_phone=\u00bb15px\u00bb text_font_size_last_edited=\u00bbon|phone\u00bb text_orientation_tablet=\u00bbcenter\u00bb text_orientation_phone=\u00bbleft\u00bb text_orientation_last_edited=\u00bbon|phone\u00bb border_radii=\u00bbon|10px|10px|10px|10px\u00bb box_shadow_style=\u00bbpreset1&#8243; box_shadow_vertical=\u00bb0px\u00bb box_shadow_blur=\u00bb2px\u00bb box_shadow_spread=\u00bb1px\u00bb box_shadow_color=\u00bbrgba(12,203,242,0.54)\u00bb global_colors_info=\u00bb{}\u00bb]<\/p>\n<p>Haga clic en la imagen para descargar cronograma.<\/p>\n<p>[\/et_pb_text][\/et_pb_column][\/et_pb_row][et_pb_row _builder_version=\u00bb4.17.3&#8243; _module_preset=\u00bbdefault\u00bb global_colors_info=\u00bb{}\u00bb][et_pb_column type=\u00bb4_4&#8243; _builder_version=\u00bb4.17.3&#8243; _module_preset=\u00bbdefault\u00bb global_colors_info=\u00bb{}\u00bb][et_pb_text module_id=\u00bbtamara-chubarovsky\u00bb _builder_version=\u00bb4.17.3&#8243; _module_preset=\u00bbdefault\u00bb text_font=\u00bb|700|||||||\u00bb header_font=\u00bb|700|||||||\u00bb header_font_size=\u00bb35px\u00bb header_line_height=\u00bb1.2em\u00bb background_color=\u00bbrgba(12,203,242,0.54)\u00bb width=\u00bb80%\u00bb width_tablet=\u00bb80%\u00bb width_phone=\u00bb100%\u00bb width_last_edited=\u00bbon|phone\u00bb custom_padding=\u00bb10px|10px|5px|10px|false|true\u00bb header_font_size_tablet=\u00bb35px\u00bb header_font_size_phone=\u00bb20px\u00bb header_font_size_last_edited=\u00bbon|phone\u00bb border_radii=\u00bbon|10px|10px|10px|10px\u00bb global_colors_info=\u00bb{}\u00bb]<\/p>\n<h1>Espacios donde se realizar\u00e1n las charlas<\/h1>\n<p>[\/et_pb_text][\/et_pb_column][\/et_pb_row][et_pb_row column_structure=\u00bb1_2,1_2&#8243; _builder_version=\u00bb4.17.3&#8243; _module_preset=\u00bbdefault\u00bb global_colors_info=\u00bb{}\u00bb][et_pb_column type=\u00bb1_2&#8243; _builder_version=\u00bb4.17.3&#8243; _module_preset=\u00bbdefault\u00bb global_colors_info=\u00bb{}\u00bb][et_pb_blurb title=\u00bbCPCESJ\u00bb url_new_window=\u00bbon\u00bb image=\u00bbhttps:\/\/lh3.googleusercontent.com\/p\/AF1QipOKpP-1vX-pRKqrBFyT2ntKNhk0MI5xucbl5mqs=s680-w680-h510&#8243; image_icon_width=\u00bb100%\u00bb _builder_version=\u00bb4.17.3&#8243; _module_preset=\u00bbdefault\u00bb width=\u00bb93%\u00bb module_alignment=\u00bbcenter\u00bb custom_padding=\u00bb10px|10px|10px|10px|true|true\u00bb link_option_url=\u00bbhttps:\/\/maps.app.goo.gl\/3uDkKrqpZ1K7yher9&#8243; link_option_url_new_window=\u00bbon\u00bb hover_enabled=\u00bb0&#8243; border_radii=\u00bbon|10px|10px|10px|10px\u00bb border_radii_image=\u00bbon|10px|10px|10px|10px\u00bb box_shadow_style=\u00bbpreset1&#8243; global_colors_info=\u00bb{}\u00bb sticky_enabled=\u00bb0&#8243;]<\/p>\n<p><strong>Direcci\u00f3n:<\/strong> Suipacha 377, J5402 FQA, San Juan<br \/><strong>Tel\u00e9fono:<\/strong> 0264 421-0331<br \/><strong>Provincia:<\/strong> Provincia de San Juan<\/p>\n<p>[\/et_pb_blurb][\/et_pb_column][et_pb_column type=\u00bb1_2&#8243; _builder_version=\u00bb4.17.3&#8243; _module_preset=\u00bbdefault\u00bb global_colors_info=\u00bb{}\u00bb][et_pb_blurb title=\u00bbCentro Cultural Conte Grand\u00bb url_new_window=\u00bbon\u00bb image=\u00bbhttps:\/\/lh3.googleusercontent.com\/p\/AF1QipM26WtDndCW4y6zQ0l7HUV5tyHKJV4pruCZBad1=s680-w680-h510&#8243; image_icon_width=\u00bb100%\u00bb _builder_version=\u00bb4.17.3&#8243; _module_preset=\u00bbdefault\u00bb width=\u00bb93%\u00bb module_alignment=\u00bbcenter\u00bb custom_padding=\u00bb10px|10px|10px|10px|true|true\u00bb link_option_url=\u00bbhttps:\/\/maps.app.goo.gl\/Ys6bGzY9JnA7wC5Y9&#8243; link_option_url_new_window=\u00bbon\u00bb border_radii=\u00bbon|10px|10px|10px|10px\u00bb border_radii_image=\u00bbon|10px|10px|10px|10px\u00bb box_shadow_style=\u00bbpreset1&#8243; global_colors_info=\u00bb{}\u00bb]<\/p>\n<p><strong>Direcci\u00f3n:<\/strong> San Luis, Las Heras y, J5400 San Juan<br \/><strong>Tel\u00e9fono:<\/strong> 0264 422-2423<br \/><strong>Provincia:<\/strong> Provincia de San Juan<\/p>\n<p>[\/et_pb_blurb][\/et_pb_column][\/et_pb_row][et_pb_row column_structure=\u00bb1_2,1_2&#8243; _builder_version=\u00bb4.17.3&#8243; _module_preset=\u00bbdefault\u00bb global_colors_info=\u00bb{}\u00bb][et_pb_column type=\u00bb1_2&#8243; _builder_version=\u00bb4.17.3&#8243; _module_preset=\u00bbdefault\u00bb global_colors_info=\u00bb{}\u00bb][et_pb_blurb title=\u00bbCentro de Convenciones Guillermo Barrena Guzm\u00e1n\u00bb url_new_window=\u00bbon\u00bb image=\u00bbhttps:\/\/lh3.googleusercontent.com\/p\/AF1QipM4X1mZdQO0CdAou3j2bNDLrZdF97hL7FiOli7_=s680-w680-h510&#8243; _builder_version=\u00bb4.17.3&#8243; _module_preset=\u00bbdefault\u00bb width=\u00bb93%\u00bb module_alignment=\u00bbcenter\u00bb custom_padding=\u00bb10px|10px|10px|10px|true|true\u00bb link_option_url=\u00bbhttps:\/\/maps.app.goo.gl\/GmLJghGU6hs2hXSU9&#8243; link_option_url_new_window=\u00bbon\u00bb border_radii=\u00bbon|10px|10px|10px|10px\u00bb border_radii_image=\u00bbon|10px|10px|10px|10px\u00bb box_shadow_style=\u00bbpreset1&#8243; global_colors_info=\u00bb{}\u00bb]<\/p>\n<p><strong>Direcci\u00f3n:<\/strong> J5400FRB, Las Heras 101-199, J5400FRB San Juan<br \/><strong>Tel\u00e9fono:<\/strong> 0264 429-6118<br \/><strong>Provincia:<\/strong> Provincia de San Juan<\/p>\n<p>[\/et_pb_blurb][\/et_pb_column][et_pb_column type=\u00bb1_2&#8243; _builder_version=\u00bb4.17.3&#8243; _module_preset=\u00bbdefault\u00bb global_colors_info=\u00bb{}\u00bb][et_pb_blurb title=\u00bbConectar LAB San Juan- Infinito por Descubrir\u00bb url_new_window=\u00bbon\u00bb image=\u00bbhttps:\/\/lh3.googleusercontent.com\/p\/AF1QipOnoDGZXUGC_9x1QIVCxuOVnL516QX1VqFaCm81=s680-w680-h510&#8243; _builder_version=\u00bb4.17.3&#8243; _module_preset=\u00bbdefault\u00bb width=\u00bb93%\u00bb module_alignment=\u00bbcenter\u00bb custom_padding=\u00bb10px|10px|10px|10px|true|true\u00bb link_option_url=\u00bbhttps:\/\/maps.app.goo.gl\/MjEfVvDhXs5ugB7x8&#8243; link_option_url_new_window=\u00bbon\u00bb border_radii=\u00bbon|10px|10px|10px|10px\u00bb border_radii_image=\u00bbon|10px|10px|10px|10px\u00bb box_shadow_style=\u00bbpreset1&#8243; global_colors_info=\u00bb{}\u00bb]<\/p>\n<p><strong>Direcci\u00f3n:<\/strong> Las Heras (Norte, Juan Bautista Alberdi esquina, San Juan<br \/><strong>Tel\u00e9fono:<\/strong> 0264 542-7002<br \/><strong>Provincia:<\/strong> Provincia de San Juan<\/p>\n<p>[\/et_pb_blurb][\/et_pb_column][\/et_pb_row][\/et_pb_section]<\/p>\n","protected":false},"excerpt":{"rendered":"<p>CronogramaHaga clic en la imagen para descargar cronograma.Espacios donde se realizar\u00e1n las charlasDirecci\u00f3n: Suipacha 377, J5402 FQA, San JuanTel\u00e9fono: 0264 421-0331Provincia: Provincia de San JuanDirecci\u00f3n: San Luis, Las Heras y, J5400 San JuanTel\u00e9fono: 0264 422-2423Provincia: Provincia de San JuanDirecci\u00f3n: J5400FRB, Las Heras 101-199, J5400FRB San JuanTel\u00e9fono: 0264 429-6118Provincia: Provincia de San JuanDirecci\u00f3n: Las Heras (Norte, [&hellip;]<\/p>\n","protected":false},"author":2,"featured_media":0,"parent":0,"menu_order":0,"comment_status":"closed","ping_status":"closed","template":"","meta":{"_et_pb_use_builder":"on","_et_pb_old_content":"","_et_gb_content_width":"","footnotes":""},"class_list":["post-834","page","type-page","status-publish","hentry"],"aioseo_notices":[],"_links":{"self":[{"href":"https:\/\/congreso.ifdsarmiento.edu.ar\/index.php\/wp-json\/wp\/v2\/pages\/834","targetHints":{"allow":["GET"]}}],"collection":[{"href":"https:\/\/congreso.ifdsarmiento.edu.ar\/index.php\/wp-json\/wp\/v2\/pages"}],"about":[{"href":"https:\/\/congreso.ifdsarmiento.edu.ar\/index.php\/wp-json\/wp\/v2\/types\/page"}],"author":[{"embeddable":true,"href":"https:\/\/congreso.ifdsarmiento.edu.ar\/index.php\/wp-json\/wp\/v2\/users\/2"}],"replies":[{"embeddable":true,"href":"https:\/\/congreso.ifdsarmiento.edu.ar\/index.php\/wp-json\/wp\/v2\/comments?post=834"}],"version-history":[{"count":37,"href":"https:\/\/congreso.ifdsarmiento.edu.ar\/index.php\/wp-json\/wp\/v2\/pages\/834\/revisions"}],"predecessor-version":[{"id":911,"href":"https:\/\/congreso.ifdsarmiento.edu.ar\/index.php\/wp-json\/wp\/v2\/pages\/834\/revisions\/911"}],"wp:attachment":[{"href":"https:\/\/congreso.ifdsarmiento.edu.ar\/index.php\/wp-json\/wp\/v2\/media?parent=834"}],"curies":[{"name":"wp","href":"https:\/\/api.w.org\/{rel}","templated":true}]}}