{"id":725,"date":"2023-07-28T21:02:53","date_gmt":"2023-07-29T00:02:53","guid":{"rendered":"https:\/\/congreso.ifdsarmiento.edu.ar\/?page_id=725"},"modified":"2023-11-08T21:22:25","modified_gmt":"2023-11-09T00:22:25","slug":"resumen-expositores","status":"publish","type":"page","link":"https:\/\/congreso.ifdsarmiento.edu.ar\/index.php\/resumen-expositores\/","title":{"rendered":"Nuestros Invitados"},"content":{"rendered":"<p>[et_pb_section fb_built=\u00bb1&#8243; _builder_version=\u00bb4.17.3&#8243; _module_preset=\u00bbdefault\u00bb background_enable_pattern_style=\u00bbon\u00bb background_pattern_style=\u00bbhoneycomb\u00bb background_pattern_color=\u00bbrgba(0,0,0,0.05)\u00bb hover_enabled=\u00bb0&#8243; global_colors_info=\u00bb{}\u00bb sticky_enabled=\u00bb0&#8243;][et_pb_row _builder_version=\u00bb4.17.3&#8243; _module_preset=\u00bbdefault\u00bb global_colors_info=\u00bb{}\u00bb][et_pb_column type=\u00bb4_4&#8243; _builder_version=\u00bb4.17.3&#8243; _module_preset=\u00bbdefault\u00bb global_colors_info=\u00bb{}\u00bb][et_pb_text disabled_on=\u00bboff|off|off\u00bb module_id=\u00bbhernan-aldana\u00bb _builder_version=\u00bb4.17.3&#8243; _module_preset=\u00bbdefault\u00bb text_font=\u00bb|700|||||||\u00bb header_font=\u00bb|700|||||||\u00bb header_font_size=\u00bb35px\u00bb header_line_height=\u00bb1.2em\u00bb background_color=\u00bbrgba(12,203,242,0.54)\u00bb width=\u00bb80%\u00bb width_tablet=\u00bb80%\u00bb width_phone=\u00bb100%\u00bb width_last_edited=\u00bbon|phone\u00bb custom_padding=\u00bb10px|10px|5px|10px|false|false\u00bb custom_padding_tablet=\u00bb10px|10px|5px|10px|false|false\u00bb custom_padding_phone=\u00bb10px|10px|5px|10px|false|false\u00bb custom_padding_last_edited=\u00bbon|phone\u00bb header_font_size_tablet=\u00bb35px\u00bb header_font_size_phone=\u00bb20px\u00bb header_font_size_last_edited=\u00bbon|phone\u00bb border_radii=\u00bbon|10px|10px|10px|10px\u00bb global_colors_info=\u00bb{}\u00bb]<\/p>\n<h1>Hern\u00e1n Aldana<\/h1>\n<p>[\/et_pb_text][et_pb_video src=\u00bbhttps:\/\/congreso.ifdsarmiento.edu.ar\/wp-content\/uploads\/2023\/11\/WhatsApp-Video-2023-11-08-at-19.58.06-1.mp4&#8243; _builder_version=\u00bb4.17.3&#8243; _module_preset=\u00bbdefault\u00bb title_text=\u00bbWhatsApp Video 2023-11-08 at 19.58.06&#8243; width=\u00bb25%\u00bb module_alignment=\u00bbcenter\u00bb hover_enabled=\u00bb0&#8243; sticky_enabled=\u00bb0&#8243; box_shadow_style=\u00bbpreset1&#8243; box_shadow_spread=\u00bb7px\u00bb border_radii=\u00bbon|10px|10px|10px|10px\u00bb box_shadow_color=\u00bb#8F8F8F\u00bb][\/et_pb_video][et_pb_text disabled_on=\u00bboff|off|off\u00bb _builder_version=\u00bb4.17.3&#8243; _module_preset=\u00bbdefault\u00bb text_font=\u00bbPoppins|600|||||||\u00bb text_font_size=\u00bb20px\u00bb background_color=\u00bb#FFFFFF\u00bb text_orientation=\u00bbjustified\u00bb custom_padding=\u00bb15px|15px|15px|15px|true|true\u00bb text_font_size_tablet=\u00bb18px\u00bb text_font_size_phone=\u00bb15px\u00bb text_font_size_last_edited=\u00bbon|phone\u00bb text_orientation_tablet=\u00bbcenter\u00bb text_orientation_phone=\u00bbleft\u00bb text_orientation_last_edited=\u00bbon|phone\u00bb border_radii=\u00bbon|10px|10px|10px|10px\u00bb box_shadow_style=\u00bbpreset1&#8243; box_shadow_vertical=\u00bb0px\u00bb box_shadow_blur=\u00bb2px\u00bb box_shadow_spread=\u00bb1px\u00bb box_shadow_color=\u00bbrgba(12,203,242,0.54)\u00bb global_colors_info=\u00bb{}\u00bb]Hern\u00e1n Aldana es Doctor en Biolog\u00eda de la Universidad de Buenos Aires, Argentina; Especialista en Neurociencias; y fue Decano de la Facultad de Ciencias Exactas y Naturales y de Ciencias de la Salud de la Universidad de Belgrano.<\/p>\n<p>En la actualidad es profesor en tres universidades argentinas (Universidad Nacional de la Matanza, Universidad de Mor\u00f3n y Universidad Maim\u00f3nides). Desde 2008 realiza capacitaciones de grado y posgrado sobre la aplicaci\u00f3n de la neurociencia para ense\u00f1ar, aprender o estudiar y sobre tem\u00e1tica de neurobiolog\u00eda de las emociones.[\/et_pb_text][et_pb_text module_id=\u00bbpablo-l\u00fcscher\u00bb _builder_version=\u00bb4.17.3&#8243; _module_preset=\u00bbdefault\u00bb text_font=\u00bb|700|||||||\u00bb header_font=\u00bb|700|||||||\u00bb header_font_size=\u00bb35px\u00bb header_line_height=\u00bb1.2em\u00bb background_color=\u00bbrgba(12,203,242,0.54)\u00bb width=\u00bb80%\u00bb width_tablet=\u00bb80%\u00bb width_phone=\u00bb100%\u00bb width_last_edited=\u00bbon|phone\u00bb custom_padding=\u00bb10px|10px|5px|10px|false|false\u00bb custom_padding_tablet=\u00bb10px|10px|5px|10px|false|false\u00bb custom_padding_phone=\u00bb10px|10px|5px|10px|false|false\u00bb custom_padding_last_edited=\u00bbon|phone\u00bb hover_enabled=\u00bb0&#8243; header_font_size_tablet=\u00bb35px\u00bb header_font_size_phone=\u00bb20px\u00bb header_font_size_last_edited=\u00bbon|phone\u00bb border_radii=\u00bbon|10px|10px|10px|10px\u00bb global_colors_info=\u00bb{}\u00bb sticky_enabled=\u00bb0&#8243;]<\/p>\n<h1>Pablo Rom\u00e1n L\u00fcscher<\/h1>\n<p>[\/et_pb_text][et_pb_text _builder_version=\u00bb4.17.3&#8243; _module_preset=\u00bbdefault\u00bb text_font=\u00bbPoppins|600|||||||\u00bb text_font_size=\u00bb20px\u00bb background_color=\u00bb#FFFFFF\u00bb text_orientation=\u00bbjustified\u00bb custom_padding=\u00bb15px|15px|15px|15px|true|true\u00bb text_font_size_tablet=\u00bb18px\u00bb text_font_size_phone=\u00bb15px\u00bb text_font_size_last_edited=\u00bbon|phone\u00bb text_orientation_tablet=\u00bbcenter\u00bb text_orientation_phone=\u00bbleft\u00bb text_orientation_last_edited=\u00bbon|phone\u00bb border_radii=\u00bbon|10px|10px|10px|10px\u00bb box_shadow_style=\u00bbpreset1&#8243; box_shadow_vertical=\u00bb0px\u00bb box_shadow_blur=\u00bb2px\u00bb box_shadow_spread=\u00bb1px\u00bb box_shadow_color=\u00bbrgba(12,203,242,0.54)\u00bb global_colors_info=\u00bb{}\u00bb]<\/p>\n<p>Le gusta definirse como un aprendiz eterno y cultivador del H2O (como la f\u00f3rmula del agua)<\/p>\n<p>Procurador Jur\u00eddico de la Universidad Abierta Interamericana.<\/p>\n<p>Formado y Certificado Internacionalmente en Neurociencias Cognitivas Aplicadas a la Educaci\u00f3n y las Organizaciones. Actualmente se encuentra finalizando una especializaci\u00f3n y un m\u00e1ster.<\/p>\n<p>Doctor Honoris Causa por el Claustro Doctoral por la Paz de M\u00e9xico, Universidad CEVER Siglo 21.<\/p>\n<p>Se especializa en educaci\u00f3n, liderazgo y capital humano desde las neurociencias cognitivas.<\/p>\n<p>Fundador y vicepresidente del Bur\u00f3 Internacional de Neurociencia Cognitiva Aplicada, BINCA Global.<\/p>\n<p>Coordinador General del Centro de Investigaci\u00f3n y Desarrollo en Neurociencia Cognitiva y Ciencias del Comportamiento, CIDeNeCo de la Universidad del Museo Social Argentino.<\/p>\n<p>Ex Director del Centro Internacional para la Formaci\u00f3n de Autoridades y L\u00edderes de Naciones Unidas, CIFAL Argentina &#8211; UNITAR.<\/p>\n<p>Form\u00f3 a profesionales de 3 continentes (Am\u00e9rica, Europa y Asia).<\/p>\n<p>En los \u00faltimos a\u00f1os ha desarrollado acciones altruistas que han impactado en m\u00e1s de medio mill\u00f3n de profesionales de todo el mundo.<\/p>\n<p>Docente y conferencista internacional, trabajando para instituciones, universidades y organismos gubernamentales y no gubernamentales de Argentina, B\u00e9lgica, Bolivia, Chile, Colombia, Curazao, Ecuador, EE.UU., Espa\u00f1a, Guatemala, Italia, M\u00e9xico, Puerto Rico, Rep\u00fablica Dominicana, Suiza y Uruguay.<\/p>\n<p>Autor de numerosos art\u00edculos sobre educaci\u00f3n, coaching, liderazgo y capital humano.<\/p>\n<p>Creador y director ejecutivo de uno de los eventos educativos m\u00e1s importantes a nivel mundial durante la pandemia, Neuro Educa 2020, un congreso internacional virtual que cont\u00f3 con 25 destacados referentes de Am\u00e9rica y Europa que durante dos d\u00edas expusieron y debatieron sobre Neuro educaci\u00f3n para m\u00e1s de 172.000 espectadores de todo el mundo.<\/p>\n<p>Distinguido con la Presea Alas de Excelencia 2023 en M\u00e9xico, por el Grupo ISIMA y la Alianza Universitaria de Hispanoam\u00e9rica por su destacada trayectoria profecional.<\/p>\n<p>Reconocido por la C\u00e1mara de Representantes del Estado Libre y Asociado de Puerto Rico, EE.UU. y la<br \/>Unidad Especial de Educaci\u00f3n Continua del Ministerio de Educaci\u00f3n de Bolivia por sus aportes a la divulgaci\u00f3n y difusi\u00f3n de las Neurociencias Cognitivas en Am\u00e9rica Latina.<\/p>\n<p>[\/et_pb_text][et_pb_text module_id=\u00bbtamara-chubarovsky\u00bb _builder_version=\u00bb4.17.3&#8243; _module_preset=\u00bbdefault\u00bb text_font=\u00bb|700|||||||\u00bb header_font=\u00bb|700|||||||\u00bb header_font_size=\u00bb35px\u00bb header_line_height=\u00bb1.2em\u00bb background_color=\u00bbrgba(12,203,242,0.54)\u00bb width=\u00bb80%\u00bb width_tablet=\u00bb80%\u00bb width_phone=\u00bb100%\u00bb width_last_edited=\u00bbon|phone\u00bb custom_padding=\u00bb10px|10px|5px|10px|false|true\u00bb header_font_size_tablet=\u00bb35px\u00bb header_font_size_phone=\u00bb20px\u00bb header_font_size_last_edited=\u00bbon|phone\u00bb border_radii=\u00bbon|10px|10px|10px|10px\u00bb global_colors_info=\u00bb{}\u00bb]<\/p>\n<h1>Tamara Chubarovsky<\/h1>\n<p>[\/et_pb_text][et_pb_text ul_type=\u00bbsquare\u00bb ul_position=\u00bbinside\u00bb ul_item_indent=\u00bb35px\u00bb ul_item_indent_tablet=\u00bb35px\u00bb ul_item_indent_phone=\u00bb10px\u00bb ul_item_indent_last_edited=\u00bbon|phone\u00bb _builder_version=\u00bb4.17.3&#8243; _module_preset=\u00bbdefault\u00bb text_font=\u00bbPoppins|600|||||||\u00bb text_font_size=\u00bb20px\u00bb ul_font=\u00bb|600|||||||\u00bb ul_font_size=\u00bb17px\u00bb header_4_font=\u00bb|600|||||||\u00bb header_4_font_size=\u00bb20px\u00bb background_color=\u00bb#FFFFFF\u00bb text_orientation=\u00bbjustified\u00bb custom_margin=\u00bb40px||||false|false\u00bb custom_padding=\u00bb15px|15px|15px|15px|true|true\u00bb ul_font_size_tablet=\u00bb17px\u00bb ul_font_size_phone=\u00bb14px\u00bb ul_font_size_last_edited=\u00bbon|phone\u00bb header_4_font_size_tablet=\u00bb20px\u00bb header_4_font_size_phone=\u00bb17px\u00bb header_4_font_size_last_edited=\u00bbon|phone\u00bb border_radii=\u00bbon|15px|15px|15px|15px\u00bb box_shadow_style=\u00bbpreset1&#8243; box_shadow_vertical=\u00bb0px\u00bb box_shadow_blur=\u00bb2px\u00bb box_shadow_spread=\u00bb1px\u00bb box_shadow_color=\u00bbrgba(12,203,242,0.54)\u00bb global_colors_info=\u00bb{}\u00bb]Tamara Chubarovsky es alumna, madre y maestra Waldorf. En Alemania se especializ\u00f3 en dificultades del aprendizaje, terapia del lenguaje (Sprachgestaltung, de Rudolf Steiner) y teatro pedag\u00f3gico. Durante a\u00f1os dirigi\u00f3 grupos de teatro de ni\u00f1os, realiz\u00f3 sesiones de consulta privadas y dirigi\u00f3 una escuela infantil Waldorf.<\/p>\n<p>Es experta en el desarrollo sensorio-motriz de los ni\u00f1os y sus etapas del desarrollo del lenguaje son sus \u00e1reas de especializaci\u00f3n. Ha creado el M\u00e9todo Chubarovsky, que est\u00e1 compuesto por tres grandes pilares: las Rimas con Movimiento\u00ae\ufe0f, los cuentos y Thono\u00ae\ufe0f y la terapia hol\u00edstica del nombre.<\/p>\n<p>Su prop\u00f3sito es concienciar a la comunidad educativa respecto a las necesidades b\u00e1sicas de los ni\u00f1os. Y extender la visi\u00f3n humanista de la pedagog\u00eda Waldorf a los centros educativos de cualquier \u00e1mbito, mostrando tambi\u00e9n su paralelismo con la visi\u00f3n cient\u00edfica actual. Para ello lleva 21 a\u00f1os impartiendo cursos y conferencias en Espa\u00f1a y Latinoam\u00e9rica y participando en congresos internacionales.[\/et_pb_text][et_pb_text module_id=\u00bbkarina-insaurralde\u00bb _builder_version=\u00bb4.17.3&#8243; _module_preset=\u00bbdefault\u00bb text_font=\u00bb|700|||||||\u00bb header_font=\u00bb|700|||||||\u00bb header_font_size=\u00bb35px\u00bb header_line_height=\u00bb1.2em\u00bb background_color=\u00bbrgba(12,203,242,0.54)\u00bb width=\u00bb80%\u00bb width_tablet=\u00bb80%\u00bb width_phone=\u00bb100%\u00bb width_last_edited=\u00bbon|phone\u00bb custom_padding=\u00bb10px|10px|5px|10px|false|true\u00bb header_font_size_tablet=\u00bb35px\u00bb header_font_size_phone=\u00bb20px\u00bb header_font_size_last_edited=\u00bbon|phone\u00bb border_radii=\u00bbon|10px|10px|10px|10px\u00bb global_colors_info=\u00bb{}\u00bb]<\/p>\n<h1>Karina Alejandra Insaurralde<\/h1>\n<p>[\/et_pb_text][et_pb_text ul_type=\u00bbcircle\u00bb ul_item_indent=\u00bb54px\u00bb ul_item_indent_tablet=\u00bb54px\u00bb ul_item_indent_phone=\u00bb20px\u00bb ul_item_indent_last_edited=\u00bbon|phone\u00bb _builder_version=\u00bb4.17.3&#8243; _module_preset=\u00bbdefault\u00bb text_font=\u00bbPoppins|600|||||||\u00bb text_font_size=\u00bb20px\u00bb ul_font=\u00bb|600|||||||\u00bb ul_font_size=\u00bb17px\u00bb header_4_font=\u00bb|600|||||||\u00bb header_4_font_size=\u00bb20px\u00bb background_color=\u00bb#FFFFFF\u00bb text_orientation=\u00bbjustified\u00bb custom_margin=\u00bb40px||||false|false\u00bb custom_padding=\u00bb15px|15px|15px|15px|true|true\u00bb ul_font_size_tablet=\u00bb17px\u00bb ul_font_size_phone=\u00bb14px\u00bb ul_font_size_last_edited=\u00bbon|phone\u00bb header_4_font_size_tablet=\u00bb20px\u00bb header_4_font_size_phone=\u00bb17px\u00bb header_4_font_size_last_edited=\u00bbon|phone\u00bb border_radii=\u00bbon|15px|15px|15px|15px\u00bb box_shadow_style=\u00bbpreset1&#8243; box_shadow_vertical=\u00bb0px\u00bb box_shadow_blur=\u00bb2px\u00bb box_shadow_spread=\u00bb1px\u00bb box_shadow_color=\u00bbrgba(12,203,242,0.54)\u00bb global_colors_info=\u00bb{}\u00bb]Docente de Educaci\u00f3n Primaria y Licenciada en Educaci\u00f3n. Se desempe\u00f1\u00f3 tambi\u00e9n como acompa\u00f1ante externa de ni\u00f1os con proyectos de inclusi\u00f3n. En el a\u00f1o 2019 realiz\u00f3 una investigaci\u00f3n sobre el rol del acompa\u00f1ante externo en educaci\u00f3n inicial y primaria, en el partido de Almirante Brown.<br \/>\nActualmente es maestranda en Ciencias Sociales y Humanidades por la Universidad Nacional de Quilmes.<\/p>\n<p>Miembro del equipo de educaci\u00f3n de Asociaci\u00f3n Altas capacidades Argentina. Dicta talleres y cursos para docentes.<\/p>\n<p>Actualmente participa en el Programa de G\u00e9nero y Diversidad. UNQ. Programa de sost\u00e9n y acompa\u00f1amiento a estudiantes pertenecientes a la comunidad LGBTIQ+.[\/et_pb_text][et_pb_text module_id=\u00bbkatia-rodr\u00edguez\u00bb _builder_version=\u00bb4.17.3&#8243; _module_preset=\u00bbdefault\u00bb text_font=\u00bb|700|||||||\u00bb header_font=\u00bb|700|||||||\u00bb header_font_size=\u00bb35px\u00bb header_line_height=\u00bb1.2em\u00bb background_color=\u00bbrgba(12,203,242,0.54)\u00bb width=\u00bb80%\u00bb width_tablet=\u00bb80%\u00bb width_phone=\u00bb100%\u00bb width_last_edited=\u00bbon|phone\u00bb custom_padding=\u00bb10px|10px|5px|10px|false|true\u00bb header_font_size_tablet=\u00bb35px\u00bb header_font_size_phone=\u00bb20px\u00bb header_font_size_last_edited=\u00bbon|phone\u00bb border_radii=\u00bbon|10px|10px|10px|10px\u00bb global_colors_info=\u00bb{}\u00bb]<\/p>\n<h1>Katia Sandoval Rodr\u00edguez<\/h1>\n<p>[\/et_pb_text][et_pb_text ul_type=\u00bbcircle\u00bb ul_item_indent=\u00bb54px\u00bb _builder_version=\u00bb4.17.3&#8243; _module_preset=\u00bbdefault\u00bb text_font=\u00bbPoppins|600|||||||\u00bb text_font_size=\u00bb20px\u00bb ul_font=\u00bb|600|||||||\u00bb ul_font_size=\u00bb17px\u00bb header_4_font=\u00bb|600|||||||\u00bb header_4_font_size=\u00bb20px\u00bb background_color=\u00bb#FFFFFF\u00bb text_orientation=\u00bbjustified\u00bb custom_margin=\u00bb40px||||false|false\u00bb custom_padding=\u00bb15px|15px|15px|15px|true|true\u00bb text_font_size_tablet=\u00bb17px\u00bb text_font_size_phone=\u00bb15px\u00bb text_font_size_last_edited=\u00bbon|phone\u00bb header_4_font_size_tablet=\u00bb20px\u00bb header_4_font_size_phone=\u00bb17px\u00bb header_4_font_size_last_edited=\u00bbon|phone\u00bb border_radii=\u00bbon|15px|15px|15px|15px\u00bb box_shadow_style=\u00bbpreset1&#8243; box_shadow_vertical=\u00bb0px\u00bb box_shadow_blur=\u00bb2px\u00bb box_shadow_spread=\u00bb1px\u00bb box_shadow_color=\u00bbrgba(12,203,242,0.54)\u00bb global_colors_info=\u00bb{}\u00bb]Katia Sandoval Rodr\u00edguez es Magister, investigadora y docente. Profesional de la Pontificia Universidad Cat\u00f3lica de Valpara\u00edso, con estudios de postgrados en el \u00e1mbito psicopedag\u00f3gico referidos a la detecci\u00f3n e intervenci\u00f3n de personas que presentan necesidades educativas especiales o problemas generales en todas las \u00e1reas de aprendizaje y que necesitan ayuda con estrategias y h\u00e1bitos de estudios.<br \/>\nTiene experiencia con personas que presentan dificultades en sus competencias de memoria, atenci\u00f3n y concentraci\u00f3n, a nivel escolar, universitario y laboral, con un enfoque de intervenci\u00f3n y detecci\u00f3n en relaci\u00f3n al funcionamiento ejecutivo, control de la impulsividad. As\u00ed como tambi\u00e9n realizaci\u00f3n de asesor\u00eda a padres, apoderados, comunidades educativas, charlas, presentaciones en congreso, etc.[\/et_pb_text][\/et_pb_column][\/et_pb_row][et_pb_row _builder_version=\u00bb4.17.3&#8243; _module_preset=\u00bbdefault\u00bb locked=\u00bboff\u00bb global_colors_info=\u00bb{}\u00bb][et_pb_column type=\u00bb4_4&#8243; _builder_version=\u00bb4.17.3&#8243; _module_preset=\u00bbdefault\u00bb global_colors_info=\u00bb{}\u00bb][et_pb_text module_id=\u00bblaura-diz\u00bb _builder_version=\u00bb4.17.3&#8243; _module_preset=\u00bbdefault\u00bb text_font=\u00bb|700|||||||\u00bb header_font=\u00bb|700|||||||\u00bb header_font_size=\u00bb35px\u00bb header_line_height=\u00bb1.2em\u00bb background_color=\u00bbrgba(12,203,242,0.54)\u00bb width=\u00bb80%\u00bb width_tablet=\u00bb80%\u00bb width_phone=\u00bb100%\u00bb width_last_edited=\u00bbon|phone\u00bb custom_padding=\u00bb10px|10px|5px|10px|false|true\u00bb header_font_size_tablet=\u00bb35px\u00bb header_font_size_phone=\u00bb20px\u00bb header_font_size_last_edited=\u00bbon|phone\u00bb border_radii=\u00bbon|10px|10px|10px|10px\u00bb global_colors_info=\u00bb{}\u00bb]<\/p>\n<h1>Laura Fabiana Diz<\/h1>\n<p>[\/et_pb_text][et_pb_text ul_item_indent=\u00bb50px\u00bb ul_item_indent_tablet=\u00bb50px\u00bb ul_item_indent_phone=\u00bb20px\u00bb ul_item_indent_last_edited=\u00bbon|phone\u00bb _builder_version=\u00bb4.17.3&#8243; _module_preset=\u00bbdefault\u00bb text_font=\u00bbPoppins|600|||||||\u00bb text_font_size=\u00bb20px\u00bb ul_font_size=\u00bb18px\u00bb header_3_font=\u00bb|600|||||||\u00bb background_color=\u00bb#FFFFFF\u00bb text_orientation=\u00bbjustified\u00bb custom_padding=\u00bb15px|15px|15px|15px|true|true\u00bb text_font_size_tablet=\u00bb20px\u00bb text_font_size_phone=\u00bb20px\u00bb text_font_size_last_edited=\u00bbon|phone\u00bb ul_font_size_tablet=\u00bb18px\u00bb ul_font_size_phone=\u00bb14px\u00bb ul_font_size_last_edited=\u00bbon|phone\u00bb header_font_size_tablet=\u00bb\u00bb header_font_size_phone=\u00bb\u00bb header_font_size_last_edited=\u00bbon|phone\u00bb header_3_font_size_tablet=\u00bb\u00bb header_3_font_size_phone=\u00bb17px\u00bb header_3_font_size_last_edited=\u00bbon|phone\u00bb custom_css_main_element=\u00bb||\u00bb border_radii=\u00bbon|10px|10px|10px|10px\u00bb box_shadow_style=\u00bbpreset1&#8243; box_shadow_vertical=\u00bb0px\u00bb box_shadow_blur=\u00bb2px\u00bb box_shadow_spread=\u00bb1px\u00bb box_shadow_color=\u00bbrgba(12,203,242,0.54)\u00bb global_colors_info=\u00bb{}\u00bb]Laura Fabiana Diz es Especialista, investigadora y profesora. Licenciada en Ciencias de la Familia, en la Universidad Austral y Psic\u00f3loga Social. Adem\u00e1s, es Estimuladora Temprana y Acompa\u00f1ante Terap\u00e9utico con Especializaci\u00f3n en Capacidades Diferentes en el Hospital Moyano.<\/p>\n<p>Actualmente es Presidente Asociaci\u00f3n Civil Altas Capacidades Argentina y Maestranda en Psicolog\u00eda del aprendizaje y conocimiento en la FLACSO<\/p>\n<p>La Especialista ha dictado cursos y talleres de primera infancia, crianza respetuosa y con apego seguro y altas capacidades. Tambi\u00e9n ha participado en la publicaci\u00f3n de libros vinculados al desarrollo cognitivo infantil.[\/et_pb_text][\/et_pb_column][\/et_pb_row][\/et_pb_section]<\/p>\n","protected":false},"excerpt":{"rendered":"<p>Hern\u00e1n AldanaHern\u00e1n Aldana es Doctor en Biolog\u00eda de la Universidad de Buenos Aires, Argentina; Especialista en Neurociencias; y fue Decano de la Facultad de Ciencias Exactas y Naturales y de Ciencias de la Salud de la Universidad de Belgrano. En la actualidad es profesor en tres universidades argentinas (Universidad Nacional de la Matanza, Universidad de [&hellip;]<\/p>\n","protected":false},"author":2,"featured_media":0,"parent":0,"menu_order":0,"comment_status":"closed","ping_status":"closed","template":"","meta":{"_et_pb_use_builder":"on","_et_pb_old_content":"","_et_gb_content_width":"","footnotes":""},"class_list":["post-725","page","type-page","status-publish","hentry"],"aioseo_notices":[],"_links":{"self":[{"href":"https:\/\/congreso.ifdsarmiento.edu.ar\/index.php\/wp-json\/wp\/v2\/pages\/725","targetHints":{"allow":["GET"]}}],"collection":[{"href":"https:\/\/congreso.ifdsarmiento.edu.ar\/index.php\/wp-json\/wp\/v2\/pages"}],"about":[{"href":"https:\/\/congreso.ifdsarmiento.edu.ar\/index.php\/wp-json\/wp\/v2\/types\/page"}],"author":[{"embeddable":true,"href":"https:\/\/congreso.ifdsarmiento.edu.ar\/index.php\/wp-json\/wp\/v2\/users\/2"}],"replies":[{"embeddable":true,"href":"https:\/\/congreso.ifdsarmiento.edu.ar\/index.php\/wp-json\/wp\/v2\/comments?post=725"}],"version-history":[{"count":13,"href":"https:\/\/congreso.ifdsarmiento.edu.ar\/index.php\/wp-json\/wp\/v2\/pages\/725\/revisions"}],"predecessor-version":[{"id":938,"href":"https:\/\/congreso.ifdsarmiento.edu.ar\/index.php\/wp-json\/wp\/v2\/pages\/725\/revisions\/938"}],"wp:attachment":[{"href":"https:\/\/congreso.ifdsarmiento.edu.ar\/index.php\/wp-json\/wp\/v2\/media?parent=725"}],"curies":[{"name":"wp","href":"https:\/\/api.w.org\/{rel}","templated":true}]}}