{"id":71,"date":"2023-04-17T22:23:54","date_gmt":"2023-04-18T01:23:54","guid":{"rendered":"https:\/\/congreso.ifdsarmiento.edu.ar\/?page_id=71"},"modified":"2023-04-18T01:21:12","modified_gmt":"2023-04-18T04:21:12","slug":"ejes-tematicos","status":"publish","type":"page","link":"https:\/\/congreso.ifdsarmiento.edu.ar\/index.php\/ejes-tematicos\/","title":{"rendered":"Ejes Tem\u00e1ticos"},"content":{"rendered":"<p>[et_pb_section fb_built=\u00bb1&#8243; _builder_version=\u00bb4.17.3&#8243; _module_preset=\u00bbdefault\u00bb background_enable_pattern_style=\u00bbon\u00bb background_pattern_style=\u00bbhoneycomb\u00bb background_pattern_color=\u00bbrgba(0,0,0,0.05)\u00bb global_colors_info=\u00bb{}\u00bb][et_pb_row _builder_version=\u00bb4.17.3&#8243; _module_preset=\u00bbdefault\u00bb global_colors_info=\u00bb{}\u00bb][et_pb_column type=\u00bb4_4&#8243; _builder_version=\u00bb4.17.3&#8243; _module_preset=\u00bbdefault\u00bb global_colors_info=\u00bb{}\u00bb][et_pb_text _builder_version=\u00bb4.17.3&#8243; _module_preset=\u00bbdefault\u00bb text_font=\u00bb|700|||||||\u00bb header_font=\u00bb|700|||||||\u00bb header_font_size=\u00bb35px\u00bb header_line_height=\u00bb1.2em\u00bb background_color=\u00bbrgba(12,203,242,0.54)\u00bb width=\u00bb80%\u00bb custom_padding=\u00bb10px|10px|5px|10px|false|true\u00bb border_radii=\u00bbon|10px|10px|10px|10px\u00bb global_colors_info=\u00bb{}\u00bb]<\/p>\n<h1>1er Congreso Internacional de Educaci\u00f3n y Nuevas Realidades en el aula<\/h1>\n<p>[\/et_pb_text][et_pb_text ul_item_indent=\u00bb50px\u00bb _builder_version=\u00bb4.17.3&#8243; _module_preset=\u00bbdefault\u00bb text_font=\u00bb|600|||||||\u00bb text_font_size=\u00bb20px\u00bb ul_font_size=\u00bb18px\u00bb header_3_font=\u00bb|600|||||||\u00bb background_color=\u00bb#FFFFFF\u00bb custom_padding=\u00bb15px|15px|15px|15px|true|true\u00bb custom_css_main_element=\u00bb||\u00bb border_radii=\u00bbon|10px|10px|10px|10px\u00bb box_shadow_style=\u00bbpreset1&#8243; box_shadow_vertical=\u00bb0px\u00bb box_shadow_blur=\u00bb2px\u00bb box_shadow_spread=\u00bb1px\u00bb box_shadow_color=\u00bbrgba(12,203,242,0.54)\u00bb global_colors_info=\u00bb{}\u00bb]<\/p>\n<h3>Ejes Tem\u00e1ticos<\/h3>\n<ul>\n<li type=\"A\">Experiencias innovadoras de ense\u00f1anza y aprendizaje.<\/li>\n<li type=\"A\">Detecci\u00f3n e intervenci\u00f3n en la educaci\u00f3n de ni\u00f1os de Alta Inteligencia y Alta Capacidad en el siglo XXI.<\/li>\n<li type=\"A\">Neurociencias y Educaci\u00f3n.<\/li>\n<li type=\"A\">La Educaci\u00f3n Art\u00edstica en el siglo XXI &#8211; Educaci\u00f3n Art\u00edstica y nuevos entornos.<\/li>\n<\/ul>\n<p>[\/et_pb_text][et_pb_text ul_type=\u00bbsquare\u00bb ul_position=\u00bbinside\u00bb ul_item_indent=\u00bb35px\u00bb _builder_version=\u00bb4.17.3&#8243; _module_preset=\u00bbdefault\u00bb text_font=\u00bb|600|||||||\u00bb ul_font=\u00bb|600|||||||\u00bb ul_font_size=\u00bb17px\u00bb header_4_font=\u00bb|600|||||||\u00bb header_4_font_size=\u00bb20px\u00bb background_color=\u00bb#FFFFFF\u00bb custom_margin=\u00bb40px||||false|false\u00bb custom_padding=\u00bb15px|15px|15px|15px|true|true\u00bb border_radii=\u00bbon|15px|15px|15px|15px\u00bb box_shadow_style=\u00bbpreset1&#8243; box_shadow_vertical=\u00bb0px\u00bb box_shadow_blur=\u00bb2px\u00bb box_shadow_spread=\u00bb1px\u00bb box_shadow_color=\u00bbrgba(12,203,242,0.54)\u00bb global_colors_info=\u00bb{}\u00bb]<\/p>\n<h4>Actividades<\/h4>\n<ul>\n<li>Talleres para los diferentes niveles del sistema educativo, con la participaci\u00f3n de otras instituciones educativas (Universidades y\/o Institutos).<\/li>\n<li>Simposios.<\/li>\n<li>Charlas con especialistas del campo disciplinar.<\/li>\n<li>Cierre art\u00edstico.<\/li>\n<\/ul>\n<p>[\/et_pb_text][et_pb_text ul_type=\u00bbcircle\u00bb ul_item_indent=\u00bb54px\u00bb _builder_version=\u00bb4.17.3&#8243; _module_preset=\u00bbdefault\u00bb ul_font=\u00bb|600|||||||\u00bb ul_font_size=\u00bb17px\u00bb header_font=\u00bb|600|||||||\u00bb header_font_size=\u00bb20px\u00bb header_4_font=\u00bb|600|||||||\u00bb header_4_font_size=\u00bb20px\u00bb header_5_font=\u00bb|600|||||||\u00bb header_5_font_size=\u00bb18px\u00bb header_5_line_height=\u00bb1.1em\u00bb background_color=\u00bb#FFFFFF\u00bb custom_margin=\u00bb40px||||false|false\u00bb custom_padding=\u00bb15px|15px|15px|15px|true|true\u00bb border_radii=\u00bbon|15px|15px|15px|15px\u00bb box_shadow_style=\u00bbpreset1&#8243; box_shadow_vertical=\u00bb0px\u00bb box_shadow_blur=\u00bb2px\u00bb box_shadow_spread=\u00bb1px\u00bb box_shadow_color=\u00bbrgba(12,203,242,0.54)\u00bb global_colors_info=\u00bb{}\u00bb]<\/p>\n<h4>Formas de participaci\u00f3n<\/h4>\n<ul>\n<li>Expositores\/as con comunicaci\u00f3n en temas de investigaci\u00f3n y cr\u00edtica.<\/li>\n<li>Expositores\/as con narrativas pedag\u00f3gicas y experiencias espec\u00edficas de alguno de los ejes de trabajo.<\/li>\n<li>Posters para r\u00e9plicas de Programas, Proyectos o experiencias pedag\u00f3gicas.<\/li>\n<li>Asistentes con certificaci\u00f3n.<\/li>\n<\/ul>\n<h5><\/h5>\n<h5>*IMPORTANTE: El env\u00edo de trabajos supone su exposici\u00f3n en el Congreso. La inscripci\u00f3n tanto como asistente como expositor\/a implica la asistencia a los dos d\u00edas.<\/h5>\n<p>[\/et_pb_text][et_pb_text ul_position=\u00bbinside\u00bb ul_item_indent=\u00bb54px\u00bb _builder_version=\u00bb4.17.3&#8243; _module_preset=\u00bbdefault\u00bb text_font=\u00bb|600|||||||\u00bb text_font_size=\u00bb17px\u00bb ul_font=\u00bb|600|||||||\u00bb ul_font_size=\u00bb17px\u00bb header_4_font=\u00bb|600|||||||\u00bb header_4_font_size=\u00bb20px\u00bb background_color=\u00bb#FFFFFF\u00bb custom_margin=\u00bb40px||||false|false\u00bb custom_padding=\u00bb15px|15px|15px|15px|true|true\u00bb hover_enabled=\u00bb0&#8243; border_radii=\u00bbon|15px|15px|15px|15px\u00bb box_shadow_style=\u00bbpreset1&#8243; box_shadow_vertical=\u00bb0px\u00bb box_shadow_blur=\u00bb2px\u00bb box_shadow_spread=\u00bb1px\u00bb box_shadow_color=\u00bbrgba(12,203,242,0.54)\u00bb global_colors_info=\u00bb{}\u00bb sticky_enabled=\u00bb0&#8243;]<\/p>\n<h4>Env\u00edo de res\u00famenes<\/h4>\n<p>El resumen deber\u00e1 tener una extensi\u00f3n m\u00e1xima de 300 palabras y contar con las siguientes caracter\u00edsticas:<\/p>\n<ul>\n<li>Deber\u00e1 estar encabezado por: T\u00edtulo del trabajo en negrita, expositor\/es (hasta 2 personas) y grupos de investigaci\u00f3n (hasta 5 personas), mails, inserci\u00f3n institucional (Universidad, Instituto Superior de Formaci\u00f3n Docente, Centro de Investigaci\u00f3n, Facultad, Dependencia), mesa tem\u00e1tica a la cual va dirigida.<\/li>\n<li>El resumen deber\u00e1 reflejar: tema a tratar, objetivos de trabajo, metodolog\u00eda y fuentes a utilizar. Debe incluir hasta 5 palabras claves.<\/li>\n<li>Formato de presentaci\u00f3n:<\/li>\n<ul>\n<li>Letra Times New Roman,<\/li>\n<li>Tama\u00f1o 12,<\/li>\n<li>T\u00edtulo del trabajo centralizado, y el resto del texto justificado.<\/li>\n<li>Interlineado de 1,5<\/li>\n<li>M\u00e1rgenes de p\u00e1gina 2,5 (superior, inferior, izquierdo y derecho)<\/li>\n<\/ul>\n<li>Palabras claves: colocarlas luego del resumen. Se pide una cantidad no superior a 5 palabras.<\/li>\n<\/ul>\n<p>La recepci\u00f3n de res\u00famenes ser\u00e1 hasta el d\u00eda 11 de junio de 2023, y podr\u00e1n enviarlos en el <a>formulario de inscripci\u00f3n<\/a>. Los expositores deber\u00e1n adjuntar los res\u00famenes en el mismo formulario, con la siguiente denominaci\u00f3n: apellido de los autores y\/o inscriptos y eje en el que se inscribe. Ejemplo: \u201cL. Gonz\u00e1lez_Eje 1_resumen\u201d.<\/p>\n<p>Se solicita que junto con el resumen se env\u00ede un curr\u00edculum abreviado. Nombrar el archivo del siguiente modo: Apellido_CV.[\/et_pb_text][\/et_pb_column][\/et_pb_row][\/et_pb_section]<\/p>\n","protected":false},"excerpt":{"rendered":"<p>1er Congreso Internacional de Educaci\u00f3n y Nuevas Realidades en el aulaEjes Tem\u00e1ticos Experiencias innovadoras de ense\u00f1anza y aprendizaje. Detecci\u00f3n e intervenci\u00f3n en la educaci\u00f3n de ni\u00f1os de Alta Inteligencia y Alta Capacidad en el siglo XXI. Neurociencias y Educaci\u00f3n. La Educaci\u00f3n Art\u00edstica en el siglo XXI &#8211; Educaci\u00f3n Art\u00edstica y nuevos entornos. Actividades Talleres para [&hellip;]<\/p>\n","protected":false},"author":2,"featured_media":0,"parent":0,"menu_order":0,"comment_status":"closed","ping_status":"closed","template":"","meta":{"_et_pb_use_builder":"on","_et_pb_old_content":"","_et_gb_content_width":"","footnotes":""},"class_list":["post-71","page","type-page","status-publish","hentry"],"aioseo_notices":[],"_links":{"self":[{"href":"https:\/\/congreso.ifdsarmiento.edu.ar\/index.php\/wp-json\/wp\/v2\/pages\/71","targetHints":{"allow":["GET"]}}],"collection":[{"href":"https:\/\/congreso.ifdsarmiento.edu.ar\/index.php\/wp-json\/wp\/v2\/pages"}],"about":[{"href":"https:\/\/congreso.ifdsarmiento.edu.ar\/index.php\/wp-json\/wp\/v2\/types\/page"}],"author":[{"embeddable":true,"href":"https:\/\/congreso.ifdsarmiento.edu.ar\/index.php\/wp-json\/wp\/v2\/users\/2"}],"replies":[{"embeddable":true,"href":"https:\/\/congreso.ifdsarmiento.edu.ar\/index.php\/wp-json\/wp\/v2\/comments?post=71"}],"version-history":[{"count":9,"href":"https:\/\/congreso.ifdsarmiento.edu.ar\/index.php\/wp-json\/wp\/v2\/pages\/71\/revisions"}],"predecessor-version":[{"id":93,"href":"https:\/\/congreso.ifdsarmiento.edu.ar\/index.php\/wp-json\/wp\/v2\/pages\/71\/revisions\/93"}],"wp:attachment":[{"href":"https:\/\/congreso.ifdsarmiento.edu.ar\/index.php\/wp-json\/wp\/v2\/media?parent=71"}],"curies":[{"name":"wp","href":"https:\/\/api.w.org\/{rel}","templated":true}]}}